{"id":12,"date":"2019-05-01T18:12:09","date_gmt":"2019-05-01T16:12:09","guid":{"rendered":"http:\/\/smartfaune.fr\/?page_id=12"},"modified":"2020-01-20T11:19:56","modified_gmt":"2020-01-20T10:19:56","slug":"smart-faune","status":"publish","type":"page","link":"https:\/\/smartfaune.fr\/?page_id=12","title":{"rendered":"SMART FAUNE"},"content":{"rendered":"\n<p><\/p>\n\n\n\n<p>Trio form\u00e9 par <strong>Pierre Moreau <\/strong>(basse, chant) et <strong>Christian Michelet <\/strong>(guitare, chant) et rejoint depuis 2017 par <strong>Dominique Artero <\/strong>(batterie, percussion), <strong>Smart Faune<\/strong>, anciennement <strong>Spacemaker Beat<\/strong>, joue avant tout, ses compositions originales d\u2019inspiration \u00e9clectique (chanson fran\u00e7aise, pop, rock, rock alternatif) mariant la subtilit\u00e9 de la langue fran\u00e7aise et l\u2019\u00e9nergie de la musique pop\/rock.<\/p>\n\n\n\n<div class=\"wp-block-file\"><a href=\"http:\/\/smartfaune.fr\/wp-content\/uploads\/2020\/01\/Dossier-presse-SMART-FAUNE.pdf\">Dossier-presse-SMART-FAUNE<\/a><a href=\"http:\/\/smartfaune.fr\/wp-content\/uploads\/2020\/01\/Dossier-presse-SMART-FAUNE.pdf\" class=\"wp-block-file__button\" download>T\u00e9l\u00e9charger<\/a><\/div>\n<div class=\"sharedaddy sd-sharing-enabled\"><div class=\"robots-nocontent sd-block sd-social sd-social-icon sd-sharing\"><h3 class=\"sd-title\">Partager\u00a0:<\/h3><div class=\"sd-content\"><ul><li class=\"share-facebook\"><a rel=\"nofollow noopener noreferrer\" data-shared=\"sharing-facebook-12\" class=\"share-facebook sd-button share-icon no-text\" href=\"https:\/\/smartfaune.fr\/?page_id=12&amp;share=facebook\" target=\"_blank\" title=\"Cliquez pour partager sur Facebook\"><span><\/span><span class=\"sharing-screen-reader-text\">Cliquez pour partager sur Facebook(ouvre dans une nouvelle fen\u00eatre)<\/span><\/a><\/li><li class=\"share-linkedin\"><a rel=\"nofollow noopener noreferrer\" data-shared=\"sharing-linkedin-12\" class=\"share-linkedin sd-button share-icon no-text\" href=\"https:\/\/smartfaune.fr\/?page_id=12&amp;share=linkedin\" target=\"_blank\" title=\"Cliquez pour partager sur LinkedIn\"><span><\/span><span class=\"sharing-screen-reader-text\">Cliquez pour partager sur LinkedIn(ouvre dans une nouvelle fen\u00eatre)<\/span><\/a><\/li><li class=\"share-jetpack-whatsapp\"><a rel=\"nofollow noopener noreferrer\" data-shared=\"\" class=\"share-jetpack-whatsapp sd-button share-icon no-text\" href=\"https:\/\/smartfaune.fr\/?page_id=12&amp;share=jetpack-whatsapp\" target=\"_blank\" title=\"Cliquez pour partager sur WhatsApp\"><span><\/span><span class=\"sharing-screen-reader-text\">Cliquez pour partager sur WhatsApp(ouvre dans une nouvelle fen\u00eatre)<\/span><\/a><\/li><li class=\"share-twitter\"><a rel=\"nofollow noopener noreferrer\" data-shared=\"sharing-twitter-12\" class=\"share-twitter sd-button share-icon no-text\" href=\"https:\/\/smartfaune.fr\/?page_id=12&amp;share=twitter\" target=\"_blank\" title=\"Cliquez pour partager sur Twitter\"><span><\/span><span class=\"sharing-screen-reader-text\">Cliquez pour partager sur Twitter(ouvre dans une nouvelle fen\u00eatre)<\/span><\/a><\/li><li class=\"share-end\"><\/li><\/ul><\/div><\/div><\/div>","protected":false},"excerpt":{"rendered":"<p>Trio form\u00e9 par Pierre Moreau (basse, chant) et Christian Michelet (guitare, chant) et rejoint depuis 2017 par Dominique Artero (batterie, percussion), Smart Faune, anciennement Spacemaker Beat, joue avant tout, ses compositions originales d\u2019inspiration \u00e9clectique (chanson fran\u00e7aise, pop, rock, rock alternatif) mariant la subtilit\u00e9 de la langue fran\u00e7aise et l\u2019\u00e9nergie de la musique pop\/rock.<\/p>\n<div class=\"sharedaddy sd-sharing-enabled\"><div class=\"robots-nocontent sd-block sd-social sd-social-icon sd-sharing\"><h3 class=\"sd-title\">Partager\u00a0:<\/h3><div class=\"sd-content\"><ul><li class=\"share-facebook\"><a rel=\"nofollow noopener noreferrer\" data-shared=\"sharing-facebook-12\" class=\"share-facebook sd-button share-icon no-text\" href=\"https:\/\/smartfaune.fr\/?page_id=12&amp;share=facebook\" target=\"_blank\" title=\"Cliquez pour partager sur Facebook\"><span><\/span><span class=\"sharing-screen-reader-text\">Cliquez pour partager sur Facebook(ouvre dans une nouvelle fen\u00eatre)<\/span><\/a><\/li><li class=\"share-linkedin\"><a rel=\"nofollow noopener noreferrer\" data-shared=\"sharing-linkedin-12\" class=\"share-linkedin sd-button share-icon no-text\" href=\"https:\/\/smartfaune.fr\/?page_id=12&amp;share=linkedin\" target=\"_blank\" title=\"Cliquez pour partager sur LinkedIn\"><span><\/span><span class=\"sharing-screen-reader-text\">Cliquez pour partager sur LinkedIn(ouvre dans une nouvelle fen\u00eatre)<\/span><\/a><\/li><li class=\"share-jetpack-whatsapp\"><a rel=\"nofollow noopener noreferrer\" data-shared=\"\" class=\"share-jetpack-whatsapp sd-button share-icon no-text\" href=\"https:\/\/smartfaune.fr\/?page_id=12&amp;share=jetpack-whatsapp\" target=\"_blank\" title=\"Cliquez pour partager sur WhatsApp\"><span><\/span><span class=\"sharing-screen-reader-text\">Cliquez pour partager sur WhatsApp(ouvre dans une nouvelle fen\u00eatre)<\/span><\/a><\/li><li class=\"share-twitter\"><a rel=\"nofollow noopener noreferrer\" data-shared=\"sharing-twitter-12\" class=\"share-twitter sd-button share-icon no-text\" href=\"https:\/\/smartfaune.fr\/?page_id=12&amp;share=twitter\" target=\"_blank\" title=\"Cliquez pour partager sur Twitter\"><span><\/span><span class=\"sharing-screen-reader-text\">Cliquez pour partager sur Twitter(ouvre dans une nouvelle fen\u00eatre)<\/span><\/a><\/li><li class=\"share-end\"><\/li><\/ul><\/div><\/div><\/div>","protected":false},"author":1,"featured_media":24,"parent":0,"menu_order":0,"comment_status":"closed","ping_status":"closed","template":"","meta":{"spay_email":""},"jetpack_sharing_enabled":true,"jetpack_shortlink":"https:\/\/wp.me\/PaWL3i-c","jetpack-related-posts":[{"id":208,"url":"https:\/\/smartfaune.fr\/?page_id=208","url_meta":{"origin":12,"position":0},"title":"Musique","date":"25 mai 2019","format":false,"excerpt":"DEEZERhttps:\/\/www.deezer.com\/en\/profile\/2472775504SOUNDCLOUDhttps:\/\/soundcloud.com\/smart-fauneSPOTIFYhttps:\/\/open.spotify.com\/playlist\/2nYTVgXRfqpJ1SGy4hW1sB","rel":"","context":"Article similaire","img":{"alt_text":"","src":"https:\/\/i2.wp.com\/smartfaune.fr\/wp-content\/uploads\/2019\/05\/DSCF1718smartfaune1.jpg?fit=1091%2C1200&ssl=1&resize=350%2C200","width":350,"height":200},"classes":[]},{"id":325,"url":"https:\/\/smartfaune.fr\/?page_id=325","url_meta":{"origin":12,"position":1},"title":"Boutique","date":"2 novembre 2020","format":false,"excerpt":"","rel":"","context":"Article similaire","img":{"alt_text":"","src":"","width":0,"height":0},"classes":[]},{"id":327,"url":"https:\/\/smartfaune.fr\/?page_id=327","url_meta":{"origin":12,"position":2},"title":"Panier","date":"2 novembre 2020","format":false,"excerpt":"","rel":"","context":"Article similaire","img":{"alt_text":"","src":"","width":0,"height":0},"classes":[]},{"id":331,"url":"https:\/\/smartfaune.fr\/?page_id=331","url_meta":{"origin":12,"position":3},"title":"Mon compte","date":"2 novembre 2020","format":false,"excerpt":"","rel":"","context":"Article similaire","img":{"alt_text":"","src":"","width":0,"height":0},"classes":[]},{"id":329,"url":"https:\/\/smartfaune.fr\/?page_id=329","url_meta":{"origin":12,"position":4},"title":"Validation de la commande","date":"2 novembre 2020","format":false,"excerpt":"","rel":"","context":"Article similaire","img":{"alt_text":"","src":"","width":0,"height":0},"classes":[]},{"id":204,"url":"https:\/\/smartfaune.fr\/?page_id=204","url_meta":{"origin":12,"position":5},"title":"R\u00e9seaux Sociaux","date":"25 mai 2019","format":false,"excerpt":"BANDCAMPhttps:\/\/smartfaune.bandcamp.comFACEBOOKhttps:\/\/www.facebook.com\/smartfaunebeat\/INSTAGRAMhttps:\/\/www.instagram.com\/smartfaune\/TWITTERhttps:\/\/twitter.com\/Smart_Faune","rel":"","context":"Article similaire","img":{"alt_text":"","src":"https:\/\/i2.wp.com\/smartfaune.fr\/wp-content\/uploads\/2019\/05\/DSCF1718smartfaune1.jpg?fit=1091%2C1200&ssl=1&resize=350%2C200","width":350,"height":200},"classes":[]}],"jetpack_likes_enabled":true,"_links":{"self":[{"href":"https:\/\/smartfaune.fr\/index.php?rest_route=\/wp\/v2\/pages\/12"}],"collection":[{"href":"https:\/\/smartfaune.fr\/index.php?rest_route=\/wp\/v2\/pages"}],"about":[{"href":"https:\/\/smartfaune.fr\/index.php?rest_route=\/wp\/v2\/types\/page"}],"author":[{"embeddable":true,"href":"https:\/\/smartfaune.fr\/index.php?rest_route=\/wp\/v2\/users\/1"}],"replies":[{"embeddable":true,"href":"https:\/\/smartfaune.fr\/index.php?rest_route=%2Fwp%2Fv2%2Fcomments&post=12"}],"version-history":[{"count":19,"href":"https:\/\/smartfaune.fr\/index.php?rest_route=\/wp\/v2\/pages\/12\/revisions"}],"predecessor-version":[{"id":301,"href":"https:\/\/smartfaune.fr\/index.php?rest_route=\/wp\/v2\/pages\/12\/revisions\/301"}],"wp:featuredmedia":[{"embeddable":true,"href":"https:\/\/smartfaune.fr\/index.php?rest_route=\/wp\/v2\/media\/24"}],"wp:attachment":[{"href":"https:\/\/smartfaune.fr\/index.php?rest_route=%2Fwp%2Fv2%2Fmedia&parent=12"}],"curies":[{"name":"wp","href":"https:\/\/api.w.org\/{rel}","templated":true}]}}